{"id":927,"date":"2024-11-01T11:54:27","date_gmt":"2024-11-01T11:54:27","guid":{"rendered":"http:\/\/serena-creazioni.local\/product\/stampo-in-silicone-orsetto-3d-con-cuoricino-per-creazioni-in-resina-fimo-sapone-e-gesso\/"},"modified":"2025-04-17T09:07:10","modified_gmt":"2025-04-17T09:07:10","slug":"stampo-in-silicone-orsetto-3d-con-cuoricino-per-creazioni-in-resina-fimo-sapone-e-gesso","status":"publish","type":"product","link":"https:\/\/serenacreazioni.com\/en\/product\/stampo-in-silicone-orsetto-3d-con-cuoricino-per-creazioni-in-resina-fimo-sapone-e-gesso\/","title":{"rendered":"Stampo in silicone Orsetto 3D con cuoricino, per creazioni in resina, fimo, sapone e gesso"},"content":{"rendered":"<p>Stampo opaco e morbido realizzato in gomma siliconica da colata professionale e matrice in resina.<br \/>\nIdeale per realizzare soggetti in resina, fimo, gesso, ecc.<br \/>\nQuesto stampo \u00e8 tagliato ai lati fino a met\u00e0 altezza per permettere di estrarre l&#8217;oggetto finito in modo pi\u00f9 semplice.<br \/>\nSuggerisco, prima della colata, di avvolgere lo stampo con un elastico in modo da limitare la fuoriuscita del liquido.<br \/>\nOgni stampo \u00e8 fatto a mano e quindi \u00e8 necessario del tempo per la sua realizzazione: per questo calcolate almeno 2-3 giorni prima della spedizione.<br \/>\nLo stampo pu\u00f2 differire da quello presente in foto sia per forma che per colore.<br \/>\nPer qualsiasi informazione non esitate a contattarmi.<\/p>","protected":false},"excerpt":{"rendered":"<p>Stampo opaco e morbido realizzato in gomma siliconica da colata professionale e matrice in resina. Ideale per realizzare soggetti in&#8230;<\/p>","protected":false},"featured_media":2855,"comment_status":"open","ping_status":"closed","template":"","meta":[],"product_brand":[],"product_cat":[1468,36],"product_tag":[1316,1318,1317,59,61,57,56,62,58,63,64,55,60],"class_list":{"0":"post-927","1":"product","2":"type-product","3":"status-publish","4":"has-post-thumbnail","6":"product_cat-nature","7":"product_cat-molds","8":"product_tag-3d_teddy_bear_mold","9":"product_tag-baptism_bear_mold","10":"product_tag-cute_animals_3d_mold","11":"product_tag-handmade_mold","12":"product_tag-made_in_italy","13":"product_tag-polymer_clay_mold","14":"product_tag-resin_mold_cabochon","15":"product_tag-resin_mold_creations","16":"product_tag-resin_mold_silicone","17":"product_tag-resin_supplies","18":"product_tag-resin_tools","19":"product_tag-silicone_mold","20":"product_tag-silicone_rubber_mold","22":"first","23":"instock","24":"taxable","25":"shipping-taxable","26":"purchasable","27":"product-type-simple"},"jetpack_sharing_enabled":true,"_links":{"self":[{"href":"https:\/\/serenacreazioni.com\/en\/wp-json\/wp\/v2\/product\/927","targetHints":{"allow":["GET"]}}],"collection":[{"href":"https:\/\/serenacreazioni.com\/en\/wp-json\/wp\/v2\/product"}],"about":[{"href":"https:\/\/serenacreazioni.com\/en\/wp-json\/wp\/v2\/types\/product"}],"replies":[{"embeddable":true,"href":"https:\/\/serenacreazioni.com\/en\/wp-json\/wp\/v2\/comments?post=927"}],"wp:featuredmedia":[{"embeddable":true,"href":"https:\/\/serenacreazioni.com\/en\/wp-json\/wp\/v2\/media\/2855"}],"wp:attachment":[{"href":"https:\/\/serenacreazioni.com\/en\/wp-json\/wp\/v2\/media?parent=927"}],"wp:term":[{"taxonomy":"product_brand","embeddable":true,"href":"https:\/\/serenacreazioni.com\/en\/wp-json\/wp\/v2\/product_brand?post=927"},{"taxonomy":"product_cat","embeddable":true,"href":"https:\/\/serenacreazioni.com\/en\/wp-json\/wp\/v2\/product_cat?post=927"},{"taxonomy":"product_tag","embeddable":true,"href":"https:\/\/serenacreazioni.com\/en\/wp-json\/wp\/v2\/product_tag?post=927"}],"curies":[{"name":"wp","href":"https:\/\/api.w.org\/{rel}","templated":true}]}}